{"id":824,"date":"2024-01-08T18:52:49","date_gmt":"2024-01-08T17:52:49","guid":{"rendered":"https:\/\/paoloammendola.com\/crisp\/?page_id=824"},"modified":"2024-01-28T16:05:42","modified_gmt":"2024-01-28T15:05:42","slug":"earth-critical-zone-caratterizzazione-e-modellazione-per-la-gestione-sostenibile","status":"publish","type":"page","link":"https:\/\/paoloammendola.com\/crisp\/earth-critical-zone-caratterizzazione-e-modellazione-per-la-gestione-sostenibile\/","title":{"rendered":"Earth Critical Zone: caratterizzazione e modellazione per la gestione sostenibile"},"content":{"rendered":"\t\t<div data-elementor-type=\"wp-page\" data-elementor-id=\"824\" class=\"elementor elementor-824\">\n\t\t\t\t<div class=\"elementor-element elementor-element-cb086ac e-flex e-con-boxed wpr-particle-no wpr-jarallax-no wpr-parallax-no wpr-sticky-section-no e-con e-parent\" data-id=\"cb086ac\" data-element_type=\"container\">\n\t\t\t\t\t<div class=\"e-con-inner\">\n\t\t\t\t<div class=\"elementor-element elementor-element-0ea8381 elementor-widget elementor-widget-text-editor\" data-id=\"0ea8381\" data-element_type=\"widget\" data-widget_type=\"text-editor.default\">\n\t\t\t\t<div class=\"elementor-widget-container\">\n\t\t\t\t\t\t\t\t\t<p><img fetchpriority=\"high\" decoding=\"async\" class=\"size-medium wp-image-1434 alignleft\" src=\"https:\/\/paoloammendola.com\/crisp\/wp-content\/uploads\/2024\/01\/earth-critical-control-300x213.jpg\" alt=\"\" width=\"300\" height=\"213\" srcset=\"https:\/\/paoloammendola.com\/crisp\/wp-content\/uploads\/2024\/01\/earth-critical-control-300x213.jpg 300w, https:\/\/paoloammendola.com\/crisp\/wp-content\/uploads\/2024\/01\/earth-critical-control.jpg 620w\" sizes=\"(max-width: 300px) 100vw, 300px\" \/>L\u2019Earth Critical Zone (ECZ) o Zona Critica comprende la zona fra la parte superiore della vegetazione fino alla falda acquifera. Nella ECZ avvengono molte interazioni complesse che coinvolgono roccia, suolo, acqua, aria ed organismi viventi animali e vegetali.<br \/>L\u2019analisi della ECZ richiede quindi un approccio integrato, interdisciplinare e multiscala che \u2013 se correttamente mirato e perseguito \u2013 promette di migliorare la nostra capacit\u00e0 di prevedere e pianificare i cambiamenti, di affrontare diverse questioni cruciali della societ\u00e0 contemporanea, quali la sicurezza alimentare e la salute umana, la prosperit\u00e0 economica, la qualit\u00e0 ambientale e lo sviluppo sostenibile.<br \/>In particolare il CRISP studia diversi importanti processi fisici, chimici e biologici a varie scale spaziali e temporali che influenzano gli scambi di massa e di energia necessari per la produzione di biomassa, i cicli biogeochimici di nutrienti e contaminanti e lo stoccaggio di acqua.<br \/>Il CRISP mette al centro del suo studio l\u2019analisi spaziale del suolo e la modellazione dei processi che operano al suo interno e all\u2019interfaccia con la vegetazione, la roccia e la circolazione sotterranea.<\/p>\t\t\t\t\t\t\t\t<\/div>\n\t\t\t\t<\/div>\n\t\t\t\t<div class=\"elementor-element elementor-element-a7a6c6a elementor-widget elementor-widget-spacer\" data-id=\"a7a6c6a\" data-element_type=\"widget\" data-widget_type=\"spacer.default\">\n\t\t\t\t<div class=\"elementor-widget-container\">\n\t\t\t\t\t\t\t<div class=\"elementor-spacer\">\n\t\t\t<div class=\"elementor-spacer-inner\"><\/div>\n\t\t<\/div>\n\t\t\t\t\t\t<\/div>\n\t\t\t\t<\/div>\n\t\t\t\t\t<\/div>\n\t\t\t\t<\/div>\n\t\t\t\t<\/div>\n\t\t","protected":false},"excerpt":{"rendered":"<p>L\u2019Earth Critical Zone (ECZ) o Zona Critica comprende la zona fra la parte superiore della vegetazione fino alla falda acquifera. Nella ECZ avvengono molte interazioni complesse che coinvolgono roccia, suolo, acqua, aria ed organismi viventi animali e vegetali.L\u2019analisi della ECZ richiede quindi un approccio integrato, interdisciplinare e multiscala che \u2013 se correttamente mirato e perseguito \u2013 promette di migliorare la nostra capacit\u00e0 di prevedere e pianificare i cambiamenti, di affrontare diverse questioni cruciali della societ\u00e0 contemporanea, quali la sicurezza alimentare e la salute umana, la prosperit\u00e0 economica, la qualit\u00e0 ambientale e lo sviluppo sostenibile.In particolare il CRISP studia diversi importanti processi fisici, chimici e biologici a varie scale spaziali e temporali che influenzano gli scambi di massa e di energia necessari per la produzione di biomassa, i cicli biogeochimici di nutrienti e contaminanti e lo stoccaggio di acqua.Il CRISP mette al centro del suo studio l\u2019analisi spaziale del suolo e la modellazione dei processi che operano al suo interno e all\u2019interfaccia con la vegetazione, la roccia e la circolazione sotterranea.<\/p>\n","protected":false},"author":2,"featured_media":0,"parent":0,"menu_order":0,"comment_status":"closed","ping_status":"closed","template":"elementor_canvas","meta":{"footnotes":""},"class_list":["post-824","page","type-page","status-publish","hentry"],"_links":{"self":[{"href":"https:\/\/paoloammendola.com\/crisp\/wp-json\/wp\/v2\/pages\/824","targetHints":{"allow":["GET"]}}],"collection":[{"href":"https:\/\/paoloammendola.com\/crisp\/wp-json\/wp\/v2\/pages"}],"about":[{"href":"https:\/\/paoloammendola.com\/crisp\/wp-json\/wp\/v2\/types\/page"}],"author":[{"embeddable":true,"href":"https:\/\/paoloammendola.com\/crisp\/wp-json\/wp\/v2\/users\/2"}],"replies":[{"embeddable":true,"href":"https:\/\/paoloammendola.com\/crisp\/wp-json\/wp\/v2\/comments?post=824"}],"version-history":[{"count":24,"href":"https:\/\/paoloammendola.com\/crisp\/wp-json\/wp\/v2\/pages\/824\/revisions"}],"predecessor-version":[{"id":1440,"href":"https:\/\/paoloammendola.com\/crisp\/wp-json\/wp\/v2\/pages\/824\/revisions\/1440"}],"wp:attachment":[{"href":"https:\/\/paoloammendola.com\/crisp\/wp-json\/wp\/v2\/media?parent=824"}],"curies":[{"name":"wp","href":"https:\/\/api.w.org\/{rel}","templated":true}]}}