{"id":853,"date":"2024-01-08T19:20:53","date_gmt":"2024-01-08T18:20:53","guid":{"rendered":"https:\/\/paoloammendola.com\/crisp\/?page_id=853"},"modified":"2024-01-28T16:12:35","modified_gmt":"2024-01-28T15:12:35","slug":"pedologia-forense","status":"publish","type":"page","link":"https:\/\/paoloammendola.com\/crisp\/pedologia-forense\/","title":{"rendered":"Pedologia Forense"},"content":{"rendered":"\t\t<div data-elementor-type=\"wp-page\" data-elementor-id=\"853\" class=\"elementor elementor-853\">\n\t\t\t\t<div class=\"elementor-element elementor-element-85dfe05 e-flex e-con-boxed wpr-particle-no wpr-jarallax-no wpr-parallax-no wpr-sticky-section-no e-con e-parent\" data-id=\"85dfe05\" data-element_type=\"container\">\n\t\t\t\t\t<div class=\"e-con-inner\">\n\t\t\t\t<div class=\"elementor-element elementor-element-75acc66 elementor-widget elementor-widget-text-editor\" data-id=\"75acc66\" data-element_type=\"widget\" data-widget_type=\"text-editor.default\">\n\t\t\t\t<div class=\"elementor-widget-container\">\n\t\t\t\t\t\t\t\t\t<p><img fetchpriority=\"high\" decoding=\"async\" class=\"size-medium wp-image-1433 alignleft\" src=\"https:\/\/paoloammendola.com\/crisp\/wp-content\/uploads\/2024\/01\/forense-300x213.jpg\" alt=\"\" width=\"300\" height=\"213\" srcset=\"https:\/\/paoloammendola.com\/crisp\/wp-content\/uploads\/2024\/01\/forense-300x213.jpg 300w, https:\/\/paoloammendola.com\/crisp\/wp-content\/uploads\/2024\/01\/forense.jpg 620w\" sizes=\"(max-width: 300px) 100vw, 300px\" \/>La pedologia (e scienza del suolo) forense \u00e8 lo studio del suolo \u2013 che comprende morfologia, mineralogia, chimica, fisica e geofisica dei suoli coadiuvate dalla cartografia dei suoli \u00a0\u2013 per rispondere a domande legali e supportare le indagini sulla scena del crimine. La descrizione e l\u2019interpretazione dei suoli possono essere utilizzate per rispondere a domande quali \u201ccom\u2019\u00e8 il suolo ?\u201d \u201cda dove proviene ?\u201c ed a svolgere studi relativi alla caratterizzazione e localizzazione dei suoli per confronti forensi. Inoltre, la maggior parte dei suoli hanno un\u2019elevata adesione verso le superfici; in particolare a causa della presenza di minerali argillosi e della sostanza organica e ci\u00f2 in combinazione con nuove tecniche analitiche consente di poter analizzare residui di suolo presenti sui reperti d\u2019indagibne.<\/p><p>Lo studio tipicamente prevede il campionamento sulla scena del crimine, il controllo di siti sospetti da dove potrebbe provenire il suolo trasportato da scarpe, dai veicoli, strumenti agricoli o altro. Infatti le propriet\u00e0 dei suoli variano nel paesaggio, e questa diversit\u00e0 pu\u00f2 consentire alla pedologia forense di utilizzare i suoli \u2013 con un certo grado di certezza \u2013 come prova nelle indagini penali e ambientali.<\/p><p>Il CRISP \u2013 nell\u2019ambito delle attivit\u00e0 forensi gi\u00e0 completate \u2013 ha utilizzato con grande profitto delle autorit\u00e0 competenti i seguenti approcci analitici: rilevamento dei suoli, mappatura dei suoli, statistiche geospaziali, morfologia e campionamento del suolo sulla scena del crimine, fluorescenza a raggi X (anche su microcampioni), spettroscopia a raggi gamma, XRD e FTIR, microscopia suolo, micromorfologia, microtomografia.<\/p>\t\t\t\t\t\t\t\t<\/div>\n\t\t\t\t<\/div>\n\t\t\t\t\t<\/div>\n\t\t\t\t<\/div>\n\t\t\t\t<\/div>\n\t\t","protected":false},"excerpt":{"rendered":"<p>La pedologia (e scienza del suolo) forense \u00e8 lo studio del suolo \u2013 che comprende morfologia, mineralogia, chimica, fisica e geofisica dei suoli coadiuvate dalla cartografia dei suoli \u00a0\u2013 per rispondere a domande legali e supportare le indagini sulla scena del crimine. La descrizione e l\u2019interpretazione dei suoli possono essere utilizzate per rispondere a domande quali \u201ccom\u2019\u00e8 il suolo ?\u201d \u201cda dove proviene ?\u201c ed a svolgere studi relativi alla caratterizzazione e localizzazione dei suoli per confronti forensi. Inoltre, la maggior parte dei suoli hanno un\u2019elevata adesione verso le superfici; in particolare a causa della presenza di minerali argillosi e della sostanza organica e ci\u00f2 in combinazione con nuove tecniche analitiche consente di poter analizzare residui di suolo presenti sui reperti d\u2019indagibne. Lo studio tipicamente prevede il campionamento sulla scena del crimine, il controllo di siti sospetti da dove potrebbe provenire il suolo trasportato da scarpe, dai veicoli, strumenti agricoli o altro. Infatti le propriet\u00e0 dei suoli variano nel paesaggio, e questa diversit\u00e0 pu\u00f2 consentire alla pedologia forense di utilizzare i suoli \u2013 con un certo grado di certezza \u2013 come prova nelle indagini penali e ambientali. Il CRISP \u2013 nell\u2019ambito delle attivit\u00e0 forensi gi\u00e0 completate \u2013 ha utilizzato con grande profitto delle autorit\u00e0 competenti i seguenti approcci analitici: rilevamento dei suoli, mappatura dei suoli, statistiche geospaziali, morfologia e campionamento del suolo sulla scena del crimine, fluorescenza a raggi X (anche su microcampioni), spettroscopia a raggi gamma, XRD e FTIR, microscopia suolo, micromorfologia, microtomografia.<\/p>\n","protected":false},"author":2,"featured_media":0,"parent":0,"menu_order":0,"comment_status":"closed","ping_status":"closed","template":"elementor_canvas","meta":{"footnotes":""},"class_list":["post-853","page","type-page","status-publish","hentry"],"_links":{"self":[{"href":"https:\/\/paoloammendola.com\/crisp\/wp-json\/wp\/v2\/pages\/853","targetHints":{"allow":["GET"]}}],"collection":[{"href":"https:\/\/paoloammendola.com\/crisp\/wp-json\/wp\/v2\/pages"}],"about":[{"href":"https:\/\/paoloammendola.com\/crisp\/wp-json\/wp\/v2\/types\/page"}],"author":[{"embeddable":true,"href":"https:\/\/paoloammendola.com\/crisp\/wp-json\/wp\/v2\/users\/2"}],"replies":[{"embeddable":true,"href":"https:\/\/paoloammendola.com\/crisp\/wp-json\/wp\/v2\/comments?post=853"}],"version-history":[{"count":18,"href":"https:\/\/paoloammendola.com\/crisp\/wp-json\/wp\/v2\/pages\/853\/revisions"}],"predecessor-version":[{"id":1467,"href":"https:\/\/paoloammendola.com\/crisp\/wp-json\/wp\/v2\/pages\/853\/revisions\/1467"}],"wp:attachment":[{"href":"https:\/\/paoloammendola.com\/crisp\/wp-json\/wp\/v2\/media?parent=853"}],"curies":[{"name":"wp","href":"https:\/\/api.w.org\/{rel}","templated":true}]}}